{"id":954,"date":"2021-03-22T12:07:18","date_gmt":"2021-03-22T12:07:18","guid":{"rendered":"https:\/\/stage.startertemplatecloud.com\/g08\/?page_id=954"},"modified":"2025-07-28T07:24:46","modified_gmt":"2025-07-28T07:24:46","slug":"contact","status":"publish","type":"page","link":"https:\/\/www.loungedugrandcerf.fr\/fr\/contact\/","title":{"rendered":"Contact"},"content":{"rendered":"<style>.kb-row-layout-id954_4692ce-9c > .kt-row-column-wrap{align-content:center;}:where(.kb-row-layout-id954_4692ce-9c > .kt-row-column-wrap) > .wp-block-kadence-column{justify-content:center;}.kb-row-layout-id954_4692ce-9c > .kt-row-column-wrap{column-gap:var(--global-kb-gap-none, 0 );row-gap:var(--global-kb-gap-none, 0 );max-width:1140px;margin-left:auto;margin-right:auto;padding-top:80px;padding-right:0px;padding-bottom:70px;padding-left:0px;grid-template-columns:minmax(0, 1fr);}.kb-row-layout-id954_4692ce-9c > .kt-row-layout-overlay{opacity:0.30;}@media all and (max-width: 1024px){.kb-row-layout-wrap.wp-block-kadence-rowlayout.kb-row-layout-id954_4692ce-9c{margin-top:0px;margin-bottom:4px;}}@media all and (max-width: 1024px){.kb-row-layout-id954_4692ce-9c > .kt-row-column-wrap{padding-top:60px;padding-right:40px;padding-bottom:0px;padding-left:40px;grid-template-columns:minmax(0, 1fr);}}@media all and (max-width: 767px){.kb-row-layout-id954_4692ce-9c > .kt-row-column-wrap{padding-top:60px;padding-right:0px;padding-bottom:0px;padding-left:0px;grid-template-columns:minmax(0, 1fr);}}<\/style><div class=\"kb-row-layout-wrap kb-row-layout-id954_4692ce-9c alignnone wp-block-kadence-rowlayout\"><div class=\"kt-row-column-wrap kt-has-1-columns kt-row-layout-equal kt-tab-layout-inherit kt-mobile-layout-row kt-row-valign-middle\">\n<style>.kadence-column954_5494d4-e6 > .kt-inside-inner-col,.kadence-column954_5494d4-e6 > .kt-inside-inner-col:before{border-top-left-radius:0px;border-top-right-radius:0px;border-bottom-right-radius:0px;border-bottom-left-radius:0px;}.kadence-column954_5494d4-e6 > .kt-inside-inner-col:before{opacity:0.3;}.kadence-column954_5494d4-e6{position:relative;}<\/style>\n<div class=\"wp-block-kadence-column kadence-column954_5494d4-e6 inner-column-1\"><div class=\"kt-inside-inner-col\"><style>.kb-row-layout-wrap.wp-block-kadence-rowlayout.kb-row-layout-id954_f7c122-33{margin-top:0px;margin-bottom:0px;}.kb-row-layout-id954_f7c122-33 > .kt-row-column-wrap{align-content:start;}:where(.kb-row-layout-id954_f7c122-33 > .kt-row-column-wrap) > .wp-block-kadence-column{justify-content:start;}.kb-row-layout-id954_f7c122-33 > .kt-row-column-wrap{column-gap:var(--global-kb-gap-none, 0 );row-gap:var(--global-kb-gap-md, 2rem);max-width:1140px;margin-left:auto;margin-right:auto;padding-top:0px;padding-right:0px;padding-bottom:0px;padding-left:0px;grid-template-columns:minmax(0, 1fr);}.kb-row-layout-id954_f7c122-33 > .kt-row-layout-overlay{opacity:0.30;}@media all and (max-width: 1024px){.kb-row-layout-wrap.wp-block-kadence-rowlayout.kb-row-layout-id954_f7c122-33{margin-top:0px;margin-bottom:0px;}}@media all and (max-width: 1024px){.kb-row-layout-id954_f7c122-33 > .kt-row-column-wrap{padding-top:30px;padding-right:0px;padding-bottom:0px;padding-left:0px;grid-template-columns:minmax(0, 1fr);}}@media all and (max-width: 767px){.kb-row-layout-id954_f7c122-33 > .kt-row-column-wrap{grid-template-columns:minmax(0, 1fr);}}<\/style><div class=\"kb-row-layout-wrap kb-row-layout-id954_f7c122-33 alignnone has-theme-palette1-background-color kt-row-has-bg wp-block-kadence-rowlayout\"><div class=\"kt-row-column-wrap kt-has-1-columns kt-row-layout-equal kt-tab-layout-inherit kt-mobile-layout-row kt-row-valign-top\">\n<style>.kadence-column954_8f39e7-8b > .kt-inside-inner-col{padding-top:10px;padding-right:10px;padding-bottom:10px;padding-left:10px;}.kadence-column954_8f39e7-8b > .kt-inside-inner-col,.kadence-column954_8f39e7-8b > .kt-inside-inner-col:before{border-top-left-radius:0px;border-top-right-radius:0px;border-bottom-right-radius:0px;border-bottom-left-radius:0px;}.kadence-column954_8f39e7-8b > .kt-inside-inner-col:before{opacity:0.3;}.kadence-column954_8f39e7-8b{position:relative;}<\/style>\n<div class=\"wp-block-kadence-column kadence-column954_8f39e7-8b inner-column-3\"><div class=\"kt-inside-inner-col\"><style>.wp-block-kadence-advancedheading.kt-adv-heading954_e8f27d-92, .wp-block-kadence-advancedheading.kt-adv-heading954_e8f27d-92[data-kb-block=\"kb-adv-heading954_e8f27d-92\"]{margin-bottom:28px;text-align:center;font-size:var(--global-kb-font-size-lg, 2rem);line-height:16px;font-style:normal;}.wp-block-kadence-advancedheading.kt-adv-heading954_e8f27d-92 mark, .wp-block-kadence-advancedheading.kt-adv-heading954_e8f27d-92[data-kb-block=\"kb-adv-heading954_e8f27d-92\"] mark{font-style:normal;color:#f76a0c;padding-top:0px;padding-right:0px;padding-bottom:0px;padding-left:0px;}<\/style>\n<h6 class=\"kt-adv-heading954_e8f27d-92 wp-block-kadence-advancedheading has-theme-palette-3-color has-text-color\" data-kb-block=\"kb-adv-heading954_e8f27d-92\">NORMANDIE<\/h6>\n\n\n<style>.wp-block-kadence-advancedheading.kt-adv-heading954_3fe54c-bd, .wp-block-kadence-advancedheading.kt-adv-heading954_3fe54c-bd[data-kb-block=\"kb-adv-heading954_3fe54c-bd\"]{margin-right:0px;margin-bottom:0px;margin-left:0px;text-align:center;font-style:normal;}.wp-block-kadence-advancedheading.kt-adv-heading954_3fe54c-bd mark, .wp-block-kadence-advancedheading.kt-adv-heading954_3fe54c-bd[data-kb-block=\"kb-adv-heading954_3fe54c-bd\"] mark{font-style:normal;color:#f76a0c;padding-top:0px;padding-right:0px;padding-bottom:0px;padding-left:0px;}<\/style>\n<p class=\"kt-adv-heading954_3fe54c-bd wp-block-kadence-advancedheading has-theme-palette-3-color has-text-color\" data-kb-block=\"kb-adv-heading954_3fe54c-bd\">7, rue de l&rsquo;H\u00f4tel de Ville<\/p>\n\n\n\n<p class=\"has-text-align-center has-theme-palette-3-color has-text-color\">27480 Lyons-La-For\u00eat<\/p>\n\n\n<style>.wp-block-kadence-advancedheading.kt-adv-heading954_c38eb0-86, .wp-block-kadence-advancedheading.kt-adv-heading954_c38eb0-86[data-kb-block=\"kb-adv-heading954_c38eb0-86\"]{margin-top:0px;margin-right:0px;margin-bottom:0px;margin-left:0px;text-align:center;font-size:var(--global-kb-font-size-md, 1.25rem);font-style:normal;}.wp-block-kadence-advancedheading.kt-adv-heading954_c38eb0-86 mark, .wp-block-kadence-advancedheading.kt-adv-heading954_c38eb0-86[data-kb-block=\"kb-adv-heading954_c38eb0-86\"] mark{font-style:normal;color:#f76a0c;padding-top:0px;padding-right:0px;padding-bottom:0px;padding-left:0px;}<\/style>\n<p class=\"kt-adv-heading954_c38eb0-86 wp-block-kadence-advancedheading has-theme-palette-3-color has-text-color\" data-kb-block=\"kb-adv-heading954_c38eb0-86\">02 79 11 00 01<\/p>\n\n\n<style>.wp-block-kadence-advancedheading.kt-adv-heading954_64c5bc-ee, .wp-block-kadence-advancedheading.kt-adv-heading954_64c5bc-ee[data-kb-block=\"kb-adv-heading954_64c5bc-ee\"]{margin-top:0px;margin-right:0px;margin-bottom:0px;margin-left:0px;text-align:center;font-style:normal;}.wp-block-kadence-advancedheading.kt-adv-heading954_64c5bc-ee mark, .wp-block-kadence-advancedheading.kt-adv-heading954_64c5bc-ee[data-kb-block=\"kb-adv-heading954_64c5bc-ee\"] mark{font-style:normal;color:#f76a0c;padding-top:0px;padding-right:0px;padding-bottom:0px;padding-left:0px;}<\/style>\n<p class=\"kt-adv-heading954_64c5bc-ee wp-block-kadence-advancedheading has-theme-palette-3-color has-text-color\" data-kb-block=\"kb-adv-heading954_64c5bc-ee\">lounge@grandcerf.fr<\/p>\n<\/div><\/div>\n\n<\/div><\/div>\n\n<style>.kb-row-layout-wrap.wp-block-kadence-rowlayout.kb-row-layout-id954_366eeb-e2{margin-top:110px;margin-bottom:0px;}.kb-row-layout-id954_366eeb-e2 > .kt-row-column-wrap{align-content:start;}:where(.kb-row-layout-id954_366eeb-e2 > .kt-row-column-wrap) > .wp-block-kadence-column{justify-content:start;}.kb-row-layout-id954_366eeb-e2 > .kt-row-column-wrap{column-gap:var(--global-kb-gap-none, 0 );row-gap:var(--global-kb-gap-none, 0 );max-width:1140px;margin-left:auto;margin-right:auto;padding-top:0px;padding-right:0px;padding-bottom:0px;padding-left:0px;grid-template-columns:repeat(2, minmax(0, 1fr));}.kb-row-layout-id954_366eeb-e2 > .kt-row-layout-overlay{opacity:0.30;}@media all and (max-width: 1024px){.kb-row-layout-wrap.wp-block-kadence-rowlayout.kb-row-layout-id954_366eeb-e2{margin-top:70px;margin-bottom:0px;}}@media all and (max-width: 1024px){.kb-row-layout-id954_366eeb-e2 > .kt-row-column-wrap{grid-template-columns:minmax(0, 1fr);}}@media all and (max-width: 767px){.kb-row-layout-id954_366eeb-e2 > .kt-row-column-wrap{padding-top:0px;padding-right:15px;padding-bottom:0px;padding-left:15px;grid-template-columns:minmax(0, 1fr);}}<\/style><div class=\"kb-row-layout-wrap kb-row-layout-id954_366eeb-e2 alignnone wp-block-kadence-rowlayout\"><div class=\"kt-row-column-wrap kt-has-2-columns kt-row-layout-equal kt-tab-layout-row kt-mobile-layout-row kt-row-valign-top\">\n<style>.kadence-column954_3c3d8e-e5, .kt-inside-inner-col > .kadence-column954_3c3d8e-e5:not(.specificity){margin-top:0px;margin-right:60px;margin-bottom:0px;margin-left:0px;}.kadence-column954_3c3d8e-e5 > .kt-inside-inner-col{padding-top:10px;padding-right:10px;padding-bottom:10px;padding-left:10px;}.kadence-column954_3c3d8e-e5 > .kt-inside-inner-col,.kadence-column954_3c3d8e-e5 > .kt-inside-inner-col:before{border-top-left-radius:0px;border-top-right-radius:0px;border-bottom-right-radius:0px;border-bottom-left-radius:0px;}.kadence-column954_3c3d8e-e5 > .kt-inside-inner-col:before{opacity:0.3;}.kadence-column954_3c3d8e-e5{position:relative;}@media all and (max-width: 1024px){.kadence-column954_3c3d8e-e5, .kt-inside-inner-col > .kadence-column954_3c3d8e-e5:not(.specificity){margin-top:0px;margin-right:0px;margin-bottom:0px;margin-left:0px;}}<\/style>\n<div class=\"wp-block-kadence-column kadence-column954_3c3d8e-e5 inner-column-1\"><div class=\"kt-inside-inner-col\"><style>.wp-block-kadence-advancedheading.kt-adv-heading954_ecea24-69, .wp-block-kadence-advancedheading.kt-adv-heading954_ecea24-69[data-kb-block=\"kb-adv-heading954_ecea24-69\"]{margin-bottom:28px;font-style:normal;}.wp-block-kadence-advancedheading.kt-adv-heading954_ecea24-69 mark, .wp-block-kadence-advancedheading.kt-adv-heading954_ecea24-69[data-kb-block=\"kb-adv-heading954_ecea24-69\"] mark{font-style:normal;color:#f76a0c;padding-top:0px;padding-right:0px;padding-bottom:0px;padding-left:0px;}@media all and (max-width: 1024px){.wp-block-kadence-advancedheading.kt-adv-heading954_ecea24-69, .wp-block-kadence-advancedheading.kt-adv-heading954_ecea24-69[data-kb-block=\"kb-adv-heading954_ecea24-69\"]{text-align:center!important;}}<\/style>\n<h6 class=\"kt-adv-heading954_ecea24-69 wp-block-kadence-advancedheading has-theme-palette-1-color has-text-color\" data-kb-block=\"kb-adv-heading954_ecea24-69\">gardons contact<\/h6>\n\n\n<style>.wp-block-kadence-advancedheading.kt-adv-heading954_a92425-c3, .wp-block-kadence-advancedheading.kt-adv-heading954_a92425-c3[data-kb-block=\"kb-adv-heading954_a92425-c3\"]{margin-bottom:35px;line-height:1.3em;font-style:normal;}.wp-block-kadence-advancedheading.kt-adv-heading954_a92425-c3 mark, .wp-block-kadence-advancedheading.kt-adv-heading954_a92425-c3[data-kb-block=\"kb-adv-heading954_a92425-c3\"] mark{font-style:normal;color:#f76a0c;padding-top:0px;padding-right:0px;padding-bottom:0px;padding-left:0px;}@media all and (max-width: 1024px){.wp-block-kadence-advancedheading.kt-adv-heading954_a92425-c3, .wp-block-kadence-advancedheading.kt-adv-heading954_a92425-c3[data-kb-block=\"kb-adv-heading954_a92425-c3\"]{text-align:center!important;}}<\/style>\n<h2 class=\"kt-adv-heading954_a92425-c3 wp-block-kadence-advancedheading\" data-kb-block=\"kb-adv-heading954_a92425-c3\">n&rsquo;h\u00e9sitez pas \u00e0 nous contacter pour toutes questions<\/h2>\n\n\n<style>.wp-block-kadence-advancedheading.kt-adv-heading954_9a45fc-83, .wp-block-kadence-advancedheading.kt-adv-heading954_9a45fc-83[data-kb-block=\"kb-adv-heading954_9a45fc-83\"]{font-style:normal;}.wp-block-kadence-advancedheading.kt-adv-heading954_9a45fc-83 mark, .wp-block-kadence-advancedheading.kt-adv-heading954_9a45fc-83[data-kb-block=\"kb-adv-heading954_9a45fc-83\"] mark{font-style:normal;color:#f76a0c;padding-top:0px;padding-right:0px;padding-bottom:0px;padding-left:0px;}@media all and (max-width: 1024px){.wp-block-kadence-advancedheading.kt-adv-heading954_9a45fc-83, .wp-block-kadence-advancedheading.kt-adv-heading954_9a45fc-83[data-kb-block=\"kb-adv-heading954_9a45fc-83\"]{text-align:center!important;}}<\/style>\n<p class=\"kt-adv-heading954_9a45fc-83 wp-block-kadence-advancedheading\" data-kb-block=\"kb-adv-heading954_9a45fc-83\">Parking gratuit disponible \u00e0 l&rsquo;arri\u00e8re de l&rsquo;h\u00f4tel La Licorne.<br><\/p>\n\n\n<style>.wp-block-kadence-advancedheading.kt-adv-heading954_201fd2-7d, .wp-block-kadence-advancedheading.kt-adv-heading954_201fd2-7d[data-kb-block=\"kb-adv-heading954_201fd2-7d\"]{margin-bottom:var(--global-kb-spacing-xxs, 0.5rem);font-size:var(--global-kb-font-size-md, 1.25rem);font-style:normal;}.wp-block-kadence-advancedheading.kt-adv-heading954_201fd2-7d mark, .wp-block-kadence-advancedheading.kt-adv-heading954_201fd2-7d[data-kb-block=\"kb-adv-heading954_201fd2-7d\"] mark{font-style:normal;color:#f76a0c;padding-top:0px;padding-right:0px;padding-bottom:0px;padding-left:0px;}@media all and (max-width: 1024px){.wp-block-kadence-advancedheading.kt-adv-heading954_201fd2-7d, .wp-block-kadence-advancedheading.kt-adv-heading954_201fd2-7d[data-kb-block=\"kb-adv-heading954_201fd2-7d\"]{text-align:center!important;}}<\/style>\n<p class=\"kt-adv-heading954_201fd2-7d wp-block-kadence-advancedheading has-theme-palette-1-color has-text-color\" data-kb-block=\"kb-adv-heading954_201fd2-7d\">Nos jours et horaires d&rsquo;ouverture :<\/p>\n\n\n\n<p>Lundi et Mardi : 18h &#8211; 23h \/ Vendredi : 17h &#8211; 23h \/ Samedi : 11h &#8211; 00h \/ Dimanche : 9h &#8211; 23h<\/p>\n<\/div><\/div>\n\n\n<style>.kadence-column954_41f739-93 > .kt-inside-inner-col{padding-top:20px;padding-right:20px;padding-bottom:20px;padding-left:20px;}.kadence-column954_41f739-93 > .kt-inside-inner-col,.kadence-column954_41f739-93 > .kt-inside-inner-col:before{border-top-left-radius:0px;border-top-right-radius:0px;border-bottom-right-radius:0px;border-bottom-left-radius:0px;}.kadence-column954_41f739-93 > .kt-inside-inner-col{background-color:#ffffff;}.kadence-column954_41f739-93 > .kt-inside-inner-col:before{opacity:0.3;}.kadence-column954_41f739-93{position:relative;}<\/style>\n<div class=\"wp-block-kadence-column kadence-column954_41f739-93 kadence-column_767c64-6b\"><div class=\"kt-inside-inner-col\">\n<div class=\"wp-block-kadence-form kadence-form-954_ddd1e5-19 kb-form-wrap\"><form class=\"kb-form\" action=\"\" method=\"post\"><div class=\"kadence-blocks-form-field kb-field-desk-width-50 kb-input-size-standard\"><input name=\"kb_field_0\" id=\"kb_field_954_ddd1e5-19_0\" data-label=\"Name\" type=\"text\" placeholder=\"Votre Nom\" value=\"\" data-type=\"text\" class=\"kb-field kb-text-style-field kb-text-field kb-field-0\"\/><\/div><div class=\"kadence-blocks-form-field kb-form-field-1 kb-field-desk-width-50 kb-input-size-standard\"><input name=\"kb_field_1\" id=\"kb_field_954_ddd1e5-19_1\" data-label=\"Name\" type=\"text\" placeholder=\"Votre pr\u00e9nom\" value=\"\" data-type=\"text\" class=\"kb-field kb-text-style-field kb-text-field kb-field-1\"\/><\/div><div class=\"kadence-blocks-form-field kb-form-field-2 kb-field-desk-width-100 kb-input-size-standard\"><input name=\"kb_field_2\" id=\"kb_field_954_ddd1e5-19_2\" data-label=\"Email\" type=\"email\" placeholder=\"Email\" value=\"\" data-type=\"email\" class=\"kb-field kb-text-style-field kb-email-field kb-field-2\" data-required=\"yes\"\/><\/div><div class=\"kadence-blocks-form-field kb-form-field-3 kb-field-desk-width-100 kb-input-size-standard\"><input name=\"kb_field_3\" id=\"kb_field_954_ddd1e5-19_3\" data-label=\"Subject\" type=\"text\" placeholder=\"Objet\" value=\"\" data-type=\"text\" class=\"kb-field kb-text-style-field kb-text-field kb-field-3\" data-required=\"yes\"\/><\/div><div class=\"kadence-blocks-form-field kb-form-field-4 kb-field-desk-width-100 kb-input-size-standard\"><textarea name=\"kb_field_4\" id=\"kb_field_954_ddd1e5-19_4\" data-label=\"Message\" type=\"textarea\" placeholder=\"Votre Message\" data-type=\"textarea\" class=\"kb-field kb-text-style-field kb-textarea-field kb-field-4\" rows=\"4\" data-required=\"yes\"><\/textarea><\/div><input type=\"hidden\" name=\"_kb_form_id\" value=\"954_ddd1e5-19\"\/><input type=\"hidden\" name=\"_kb_form_post_id\" value=\"954\"\/><input type=\"hidden\" name=\"action\" value=\"kb_process_ajax_submit\"\/><div class=\"kadence-blocks-form-field google-recaptcha-checkout-wrap\"><p id=\"kb-container-g-recaptcha\" class=\"google-recaptcha-container\"><span id=\"kb_recaptcha_954_ddd1e5-19\" class=\"kadence-blocks-g-recaptcha-v2 g-recaptcha kb_recaptcha_954_ddd1e5-19\" style=\"display:inline-block\"><\/span><\/p><\/div><input class=\"kadence-blocks-field verify\" type=\"text\" name=\"_kb_verify_email\" autocomplete=\"new-password\" aria-hidden=\"true\" placeholder=\"Email\" tabindex=\"-1\" data-1p-ignore=\"true\" data-lpignore=\"true\" \/><div class=\"kadence-blocks-form-field kb-submit-field kb-field-desk-width-100\"><button class=\"kb-forms-submit button kb-button-size-standard kb-button-width-auto\">Envoy\u00e9<\/button><\/div><\/form><\/div>\n<noscript><div class=\"kadence-blocks-form-message kadence-blocks-form-warning\">Please enable JavaScript in your browser to submit the form<\/div><style>.kadence-form-954_ddd1e5-19 .kadence-blocks-form-field.kb-submit-field { display: none; }<\/style><\/noscript><\/div><\/div>\n\n<\/div><\/div><\/div><\/div>\n\n<\/div><\/div>\n\n\n<iframe loading=\"lazy\" src=\"https:\/\/www.google.com\/maps\/embed?pb=!1m18!1m12!1m3!1d2596.558282076654!2d1.4729700768757608!3d49.39834717141046!2m3!1f0!2f0!3f0!3m2!1i1024!2i768!4f13.1!3m3!1m2!1s0x47e72bb36f88f631%3A0x485c3660095b4a80!2s7%20Rue%20de%20L%20H%C3%B4tel%20de%20ville%2C%2027480%20Lyons-la-For%C3%AAt!5e0!3m2!1sfr!2sfr!4v1686753983871!5m2!1sfr!2sfr\" width=\"2000\" height=\"500\" frameborder=\"0\" style=\"border:0;\" allowfullscreen=\"\" aria-hidden=\"false\" tabindex=\"0\"><\/iframe>\n","protected":false},"excerpt":{"rendered":"<p>NORMANDIE 7, rue de l&rsquo;H\u00f4tel de Ville 27480 Lyons-La-For\u00eat 02 79 11 00 01 lounge@grandcerf.fr gardons contact n&rsquo;h\u00e9sitez pas \u00e0 nous contacter pour toutes questions Parking gratuit disponible \u00e0 l&rsquo;arri\u00e8re de l&rsquo;h\u00f4tel La Licorne. Nos jours et horaires d&rsquo;ouverture : Lundi et Mardi : 18h &#8211; 23h \/ Vendredi : 17h &#8211; 23h \/ Samedi&#8230;<\/p>\n","protected":false},"author":1,"featured_media":1211,"parent":0,"menu_order":0,"comment_status":"closed","ping_status":"closed","template":"","meta":{"_kad_post_transparent":"disable","_kad_post_title":"hide","_kad_post_layout":"fullwidth","_kad_post_sidebar_id":"","_kad_post_content_style":"unboxed","_kad_post_vertical_padding":"hide","_kad_post_feature":"hide","_kad_post_feature_position":"","_kad_post_header":false,"_kad_post_footer":false},"_links":{"self":[{"href":"https:\/\/www.loungedugrandcerf.fr\/fr\/wp-json\/wp\/v2\/pages\/954"}],"collection":[{"href":"https:\/\/www.loungedugrandcerf.fr\/fr\/wp-json\/wp\/v2\/pages"}],"about":[{"href":"https:\/\/www.loungedugrandcerf.fr\/fr\/wp-json\/wp\/v2\/types\/page"}],"author":[{"embeddable":true,"href":"https:\/\/www.loungedugrandcerf.fr\/fr\/wp-json\/wp\/v2\/users\/1"}],"replies":[{"embeddable":true,"href":"https:\/\/www.loungedugrandcerf.fr\/fr\/wp-json\/wp\/v2\/comments?post=954"}],"version-history":[{"count":14,"href":"https:\/\/www.loungedugrandcerf.fr\/fr\/wp-json\/wp\/v2\/pages\/954\/revisions"}],"predecessor-version":[{"id":1497,"href":"https:\/\/www.loungedugrandcerf.fr\/fr\/wp-json\/wp\/v2\/pages\/954\/revisions\/1497"}],"wp:featuredmedia":[{"embeddable":true,"href":"https:\/\/www.loungedugrandcerf.fr\/fr\/wp-json\/wp\/v2\/media\/1211"}],"wp:attachment":[{"href":"https:\/\/www.loungedugrandcerf.fr\/fr\/wp-json\/wp\/v2\/media?parent=954"}],"curies":[{"name":"wp","href":"https:\/\/api.w.org\/{rel}","templated":true}]}}