{"id":1078,"date":"2021-03-25T13:51:59","date_gmt":"2021-03-25T13:51:59","guid":{"rendered":"https:\/\/stage.startertemplatecloud.com\/g08\/?page_id=1078"},"modified":"2023-07-19T08:21:19","modified_gmt":"2023-07-19T08:21:19","slug":"about-us","status":"publish","type":"page","link":"https:\/\/www.loungedugrandcerf.fr\/fr\/about-us\/","title":{"rendered":"NOTRE EQUIPE"},"content":{"rendered":"<style>.kb-row-layout-id_007189-ce > .kt-row-column-wrap{align-content:start;}:where(.kb-row-layout-id_007189-ce > .kt-row-column-wrap) > .wp-block-kadence-column{justify-content:start;}.kb-row-layout-id_007189-ce > .kt-row-column-wrap{column-gap:var(--global-kb-gap-none, 0 );row-gap:var(--global-kb-gap-none, 0 );max-width:1140px;margin-left:auto;margin-right:auto;padding-top:80px;padding-right:0px;padding-bottom:80px;padding-left:0px;grid-template-columns:minmax(0, 60%) minmax(0, 40%);}.kb-row-layout-id_007189-ce > .kt-row-layout-overlay{opacity:0.30;}@media all and (max-width: 1024px){.kb-row-layout-wrap.wp-block-kadence-rowlayout.kb-row-layout-id_007189-ce{margin-top:0px;margin-bottom:0px;}}@media all and (max-width: 1024px){.kb-row-layout-id_007189-ce > .kt-row-column-wrap{padding-top:40px;padding-right:0px;padding-bottom:0px;padding-left:0px;grid-template-columns:minmax(0, 1fr);}}@media all and (max-width: 767px){.kb-row-layout-id_007189-ce > .kt-row-column-wrap{padding-top:0px;padding-right:0px;padding-bottom:30px;padding-left:0px;grid-template-columns:minmax(0, 1fr);}}<\/style><div class=\"kb-row-layout-wrap kb-row-layout-id_007189-ce alignnone wp-block-kadence-rowlayout\"><div class=\"kt-row-column-wrap kt-has-2-columns kt-row-layout-left-golden kt-tab-layout-row kt-mobile-layout-row kt-row-valign-top\">\n<style>.kadence-column_919092-79 > .kt-inside-inner-col,.kadence-column_919092-79 > .kt-inside-inner-col:before{border-top-left-radius:0px;border-top-right-radius:0px;border-bottom-right-radius:0px;border-bottom-left-radius:0px;}.kadence-column_919092-79 > .kt-inside-inner-col:before{opacity:0.3;}.kadence-column_919092-79{position:relative;}<\/style>\n<div class=\"wp-block-kadence-column kadence-column_919092-79 inner-column-1\"><div class=\"kt-inside-inner-col\"><style>.kb-row-layout-wrap.wp-block-kadence-rowlayout.kb-row-layout-id_dce412-f6{margin-top:0px;margin-bottom:0px;}.kb-row-layout-id_dce412-f6 > .kt-row-column-wrap{align-content:start;}:where(.kb-row-layout-id_dce412-f6 > .kt-row-column-wrap) > .wp-block-kadence-column{justify-content:start;}.kb-row-layout-id_dce412-f6 > .kt-row-column-wrap{column-gap:var(--global-kb-gap-none, 0 );row-gap:var(--global-kb-gap-none, 0 );max-width:1140px;margin-left:auto;margin-right:auto;padding-top:0px;padding-right:0px;padding-bottom:0px;padding-left:0px;grid-template-columns:repeat(2, minmax(0, 1fr));}.kb-row-layout-id_dce412-f6 > .kt-row-layout-overlay{opacity:0.30;}@media all and (max-width: 1024px){.kb-row-layout-id_dce412-f6 > .kt-row-column-wrap{grid-template-columns:repeat(2, minmax(0, 1fr));}}@media all and (max-width: 767px){.kb-row-layout-id_dce412-f6 > .kt-row-column-wrap{grid-template-columns:minmax(0, 1fr);}}<\/style><div class=\"kb-row-layout-wrap kb-row-layout-id_dce412-f6 alignnone wp-block-kadence-rowlayout\"><div class=\"kt-row-column-wrap kt-has-2-columns kt-row-layout-equal kt-tab-layout-inherit kt-mobile-layout-row kt-row-valign-top\">\n<style>.kadence-column_5d10e5-8e, .kt-inside-inner-col > .kadence-column_5d10e5-8e:not(.specificity){margin-top:90px;margin-right:-40px;margin-bottom:0px;margin-left:0px;}.kadence-column_5d10e5-8e > .kt-inside-inner-col{padding-top:10px;padding-right:10px;padding-bottom:10px;padding-left:10px;}.kadence-column_5d10e5-8e > .kt-inside-inner-col{border-top:10px solid transparent;border-right:10px solid transparent;border-bottom:10px solid transparent;border-left:10px solid transparent;}.kadence-column_5d10e5-8e > .kt-inside-inner-col,.kadence-column_5d10e5-8e > .kt-inside-inner-col:before{border-top-left-radius:0px;border-top-right-radius:0px;border-bottom-right-radius:0px;border-bottom-left-radius:0px;}.kadence-column_5d10e5-8e > .kt-inside-inner-col:before{opacity:0.3;}.kadence-column_5d10e5-8e{z-index:20;position:relative;}@media all and (max-width: 1024px){.kadence-column_5d10e5-8e > .kt-inside-inner-col{border-top:10px solid transparent;border-right:10px solid transparent;border-bottom:10px solid transparent;border-left:10px solid transparent;}}@media all and (max-width: 767px){.kadence-column_5d10e5-8e, .kt-inside-inner-col > .kadence-column_5d10e5-8e:not(.specificity){margin-top:0px;margin-right:0px;margin-bottom:0px;margin-left:0px;}.kadence-column_5d10e5-8e > .kt-inside-inner-col{border-top:10px solid transparent;border-right:10px solid transparent;border-bottom:10px solid transparent;border-left:10px solid transparent;}}<\/style>\n<div class=\"wp-block-kadence-column kadence-column_5d10e5-8e inner-column-1\"><div class=\"kt-inside-inner-col\">\n<figure class=\"wp-block-image size-large img-border\"><img decoding=\"async\" loading=\"lazy\" width=\"768\" height=\"1024\" src=\"https:\/\/www.loungedugrandcerf.fr\/fr\/wp-content\/uploads\/2023\/06\/Bar-Lounge-29-768x1024.jpg\" alt=\"\" class=\"wp-image-1322\" srcset=\"https:\/\/www.loungedugrandcerf.fr\/fr\/wp-content\/uploads\/2023\/06\/Bar-Lounge-29-768x1024.jpg 768w, https:\/\/www.loungedugrandcerf.fr\/fr\/wp-content\/uploads\/2023\/06\/Bar-Lounge-29-225x300.jpg 225w, https:\/\/www.loungedugrandcerf.fr\/fr\/wp-content\/uploads\/2023\/06\/Bar-Lounge-29-1152x1536.jpg 1152w, https:\/\/www.loungedugrandcerf.fr\/fr\/wp-content\/uploads\/2023\/06\/Bar-Lounge-29-800x1067.jpg 800w, https:\/\/www.loungedugrandcerf.fr\/fr\/wp-content\/uploads\/2023\/06\/Bar-Lounge-29.jpg 1512w\" sizes=\"(max-width: 768px) 100vw, 768px\" \/><\/figure>\n<\/div><\/div>\n\n\n<style>.kadence-column_e6da6e-17, .kt-inside-inner-col > .kadence-column_e6da6e-17:not(.specificity){margin-top:0px;margin-right:0px;margin-bottom:0px;margin-left:-30px;}.kadence-column_e6da6e-17 > .kt-inside-inner-col{padding-top:10px;padding-right:10px;padding-bottom:10px;padding-left:10px;}.kadence-column_e6da6e-17 > .kt-inside-inner-col{border-top:10px solid var(--global-palette9, #ffffff);border-right:10px solid var(--global-palette9, #ffffff);border-bottom:10px solid var(--global-palette9, #ffffff);border-left:10px solid var(--global-palette9, #ffffff);}.kadence-column_e6da6e-17 > .kt-inside-inner-col,.kadence-column_e6da6e-17 > .kt-inside-inner-col:before{border-top-left-radius:0px;border-top-right-radius:0px;border-bottom-right-radius:0px;border-bottom-left-radius:0px;}.kadence-column_e6da6e-17 > .kt-inside-inner-col:before{opacity:0.3;}.kadence-column_e6da6e-17{position:relative;}@media all and (max-width: 1024px){.kadence-column_e6da6e-17 > .kt-inside-inner-col{border-top:10px solid var(--global-palette9, #ffffff);border-right:10px solid var(--global-palette9, #ffffff);border-bottom:10px solid var(--global-palette9, #ffffff);border-left:10px solid var(--global-palette9, #ffffff);}}@media all and (max-width: 767px){.kadence-column_e6da6e-17, .kt-inside-inner-col > .kadence-column_e6da6e-17:not(.specificity){margin-top:0px;margin-right:0px;margin-bottom:0px;margin-left:0px;}.kadence-column_e6da6e-17 > .kt-inside-inner-col{border-top:10px solid var(--global-palette9, #ffffff);border-right:10px solid var(--global-palette9, #ffffff);border-bottom:10px solid var(--global-palette9, #ffffff);border-left:10px solid var(--global-palette9, #ffffff);}}<\/style>\n<div class=\"wp-block-kadence-column kadence-column_e6da6e-17 inner-column-2\"><div class=\"kt-inside-inner-col\">\n<figure class=\"wp-block-gallery has-nested-images columns-1 is-cropped img-border wp-block-gallery-1 is-layout-flex\">\n<figure class=\"wp-block-image size-large\"><img decoding=\"async\" loading=\"lazy\" width=\"721\" height=\"1024\" src=\"https:\/\/www.loungedugrandcerf.fr\/fr\/wp-content\/uploads\/2023\/06\/lounge-du-Grand-Cerf-15-721x1024.jpg\" alt=\"\" class=\"wp-image-1327\" srcset=\"https:\/\/www.loungedugrandcerf.fr\/fr\/wp-content\/uploads\/2023\/06\/lounge-du-Grand-Cerf-15-721x1024.jpg 721w, https:\/\/www.loungedugrandcerf.fr\/fr\/wp-content\/uploads\/2023\/06\/lounge-du-Grand-Cerf-15-211x300.jpg 211w, https:\/\/www.loungedugrandcerf.fr\/fr\/wp-content\/uploads\/2023\/06\/lounge-du-Grand-Cerf-15-768x1090.jpg 768w, https:\/\/www.loungedugrandcerf.fr\/fr\/wp-content\/uploads\/2023\/06\/lounge-du-Grand-Cerf-15-1082x1536.jpg 1082w, https:\/\/www.loungedugrandcerf.fr\/fr\/wp-content\/uploads\/2023\/06\/lounge-du-Grand-Cerf-15-800x1136.jpg 800w, https:\/\/www.loungedugrandcerf.fr\/fr\/wp-content\/uploads\/2023\/06\/lounge-du-Grand-Cerf-15.jpg 1134w\" sizes=\"(max-width: 721px) 100vw, 721px\" \/><\/figure>\n<\/figure>\n<\/div><\/div>\n\n<\/div><\/div><\/div><\/div>\n\n\n<style>.kadence-column_f006e5-d7, .kt-inside-inner-col > .kadence-column_f006e5-d7:not(.specificity){margin-top:0px;margin-right:0px;margin-bottom:0px;margin-left:70px;}.kadence-column_f006e5-d7 > .kt-inside-inner-col,.kadence-column_f006e5-d7 > .kt-inside-inner-col:before{border-top-left-radius:0px;border-top-right-radius:0px;border-bottom-right-radius:0px;border-bottom-left-radius:0px;}.kadence-column_f006e5-d7 > .kt-inside-inner-col:before{opacity:0.3;}.kadence-column_f006e5-d7{position:relative;}@media all and (max-width: 1024px){.kadence-column_f006e5-d7, .kt-inside-inner-col > .kadence-column_f006e5-d7:not(.specificity){margin-top:50px;margin-right:0px;margin-bottom:30px;margin-left:0px;}}@media all and (max-width: 767px){.kadence-column_f006e5-d7 > .kt-inside-inner-col{padding-top:0px;padding-right:20px;padding-bottom:0px;padding-left:20px;}}<\/style>\n<div class=\"wp-block-kadence-column kadence-column_f006e5-d7 inner-column-2\"><div class=\"kt-inside-inner-col\"><style>.wp-block-kadence-advancedheading.kt-adv-heading_8a9290-93, .wp-block-kadence-advancedheading.kt-adv-heading_8a9290-93[data-kb-block=\"kb-adv-heading_8a9290-93\"]{margin-bottom:28px;line-height:16px;font-style:normal;}.wp-block-kadence-advancedheading.kt-adv-heading_8a9290-93 mark, .wp-block-kadence-advancedheading.kt-adv-heading_8a9290-93[data-kb-block=\"kb-adv-heading_8a9290-93\"] mark{font-style:normal;color:#f76a0c;padding-top:0px;padding-right:0px;padding-bottom:0px;padding-left:0px;}@media all and (max-width: 1024px){.wp-block-kadence-advancedheading.kt-adv-heading_8a9290-93, .wp-block-kadence-advancedheading.kt-adv-heading_8a9290-93[data-kb-block=\"kb-adv-heading_8a9290-93\"]{text-align:center!important;}}<\/style>\n<h6 class=\"kt-adv-heading_8a9290-93 wp-block-kadence-advancedheading\" data-kb-block=\"kb-adv-heading_8a9290-93\">qui sommes-nous ?<\/h6>\n\n\n\n<p>Sous la direction du Chef de Cuisine <\/p>\n\n\n\n<h2 class=\"wp-block-heading\" style=\"padding-top:0;padding-right:0;padding-bottom:0;padding-left:0\">CHRISTOPHE POIRIER<\/h2>\n\n\n\n<p>et du Ma\u00eetre d&rsquo;h\u00f4tel JOSEPH<\/p>\n\n\n<style>.wp-block-kadence-advancedheading.kt-adv-heading_d94892-27, .wp-block-kadence-advancedheading.kt-adv-heading_d94892-27[data-kb-block=\"kb-adv-heading_d94892-27\"]{margin-bottom:35px;line-height:1.3em;font-style:normal;}.wp-block-kadence-advancedheading.kt-adv-heading_d94892-27 mark, .wp-block-kadence-advancedheading.kt-adv-heading_d94892-27[data-kb-block=\"kb-adv-heading_d94892-27\"] mark{font-style:normal;color:#f76a0c;padding-top:0px;padding-right:0px;padding-bottom:0px;padding-left:0px;}@media all and (max-width: 1024px){.wp-block-kadence-advancedheading.kt-adv-heading_d94892-27, .wp-block-kadence-advancedheading.kt-adv-heading_d94892-27[data-kb-block=\"kb-adv-heading_d94892-27\"]{text-align:center!important;}}<\/style>\n<h2 class=\"kt-adv-heading_d94892-27 wp-block-kadence-advancedheading\" data-kb-block=\"kb-adv-heading_d94892-27\">manon &amp; yohann<\/h2>\n\n\n<style>.wp-block-kadence-advancedheading.kt-adv-heading_34661e-9b, .wp-block-kadence-advancedheading.kt-adv-heading_34661e-9b[data-kb-block=\"kb-adv-heading_34661e-9b\"]{margin-bottom:20px;font-style:normal;}.wp-block-kadence-advancedheading.kt-adv-heading_34661e-9b mark, .wp-block-kadence-advancedheading.kt-adv-heading_34661e-9b[data-kb-block=\"kb-adv-heading_34661e-9b\"] mark{font-style:normal;color:#f76a0c;padding-top:0px;padding-right:0px;padding-bottom:0px;padding-left:0px;}@media all and (max-width: 1024px){.wp-block-kadence-advancedheading.kt-adv-heading_34661e-9b, .wp-block-kadence-advancedheading.kt-adv-heading_34661e-9b[data-kb-block=\"kb-adv-heading_34661e-9b\"]{text-align:center!important;}}<\/style>\n<p class=\"kt-adv-heading_34661e-9b wp-block-kadence-advancedheading\" data-kb-block=\"kb-adv-heading_34661e-9b\">Vous accueillons dans une ambiance cosy &amp; r\u00e9tro avec une cuisine Street Food comme \u00e0 la maison.<\/p>\n\n\n<style>.kb-row-layout-wrap.wp-block-kadence-rowlayout.kb-row-layout-id_53bbcf-2b{margin-top:0px;margin-bottom:0px;}.kb-row-layout-id_53bbcf-2b > .kt-row-column-wrap{align-content:start;}:where(.kb-row-layout-id_53bbcf-2b > .kt-row-column-wrap) > .wp-block-kadence-column{justify-content:start;}.kb-row-layout-id_53bbcf-2b > .kt-row-column-wrap{column-gap:var(--global-kb-gap-none, 0 );row-gap:var(--global-kb-gap-none, 0 );max-width:1140px;margin-left:auto;margin-right:auto;padding-top:0px;padding-right:0px;padding-bottom:0px;padding-left:0px;grid-template-columns:repeat(2, minmax(0, 1fr));}.kb-row-layout-id_53bbcf-2b > .kt-row-layout-overlay{opacity:0.30;}@media all and (max-width: 1024px){.kb-row-layout-id_53bbcf-2b > .kt-row-column-wrap{grid-template-columns:minmax(0, 1fr);}}@media all and (max-width: 767px){.kb-row-layout-id_53bbcf-2b > .kt-row-column-wrap{grid-template-columns:minmax(0, 1fr);}}<\/style><div class=\"kb-row-layout-wrap kb-row-layout-id_53bbcf-2b alignnone wp-block-kadence-rowlayout\"><div class=\"kt-row-column-wrap kt-has-2-columns kt-row-layout-equal kt-tab-layout-row kt-mobile-layout-row kt-row-valign-top\">\n<style>.kadence-column_3a1ca7-90, .kt-inside-inner-col > .kadence-column_3a1ca7-90:not(.specificity){margin-top:0px;margin-right:10px;margin-bottom:0px;margin-left:0px;}.kadence-column_3a1ca7-90 > .kt-inside-inner-col,.kadence-column_3a1ca7-90 > .kt-inside-inner-col:before{border-top-left-radius:0px;border-top-right-radius:0px;border-bottom-right-radius:0px;border-bottom-left-radius:0px;}.kadence-column_3a1ca7-90 > .kt-inside-inner-col:before{opacity:0.3;}.kadence-column_3a1ca7-90{position:relative;}@media all and (max-width: 1024px){.kadence-column_3a1ca7-90, .kt-inside-inner-col > .kadence-column_3a1ca7-90:not(.specificity){margin-top:0px;margin-right:0px;margin-bottom:-20px;margin-left:0px;}}<\/style>\n<div class=\"wp-block-kadence-column kadence-column_3a1ca7-90 inner-column-1\"><div class=\"kt-inside-inner-col\"><style>.wp-block-kadence-iconlist.kt-svg-icon-list-items_5ca164-ec ul.kt-svg-icon-list:not(.this-prevents-issues):not(.this-stops-third-party-issues):not(.tijsloc){margin-top:10px;margin-right:0px;margin-bottom:20px;margin-left:0px;}.wp-block-kadence-iconlist.kt-svg-icon-list-items_5ca164-ec ul.kt-svg-icon-list{grid-row-gap:5px;}.wp-block-kadence-iconlist.kt-svg-icon-list-items_5ca164-ec ul.kt-svg-icon-list .kt-svg-icon-list-item-wrap .kt-svg-icon-list-single{margin-right:15px;}@media all and (max-width: 1024px){.wp-block-kadence-iconlist.kt-svg-icon-list-items_5ca164-ec ul.kt-svg-icon-list{grid-row-gap:5px;}}@media all and (max-width: 767px){.wp-block-kadence-iconlist.kt-svg-icon-list-items_5ca164-ec ul.kt-svg-icon-list{grid-row-gap:5px;}}<\/style>\n<div class=\"wp-block-kadence-iconlist kt-svg-icon-list-items kt-svg-icon-list-items_5ca164-ec kt-svg-icon-list-columns-1 aligncenter\"><ul class=\"kt-svg-icon-list\"><style>.kt-svg-icon-list-item-_3532fa-f4 .kt-svg-icon-list-single{font-size:8px !important;color:var(--global-palette1, #3182CE) !important;}<\/style>\n<li class=\"wp-block-kadence-listitem kt-svg-icon-list-item-wrap kt-svg-icon-list-item-_3532fa-f4 kt-svg-icon-list-style-default\"><span class=\"kb-svg-icon-wrap kb-svg-icon-fas_circle kt-svg-icon-list-single\"><svg viewBox=\"0 0 512 512\"  fill=\"currentColor\" xmlns=\"http:\/\/www.w3.org\/2000\/svg\" ><path d=\"M256 8C119 8 8 119 8 256s111 248 248 248 248-111 248-248S393 8 256 8z\"\/><\/svg><\/span><span class=\"kt-svg-icon-list-text\">Planches<\/span><\/li>\n\n\n<style>.kt-svg-icon-list-item-_2add67-08 .kt-svg-icon-list-single{font-size:8px !important;color:var(--global-palette1, #3182CE) !important;}<\/style>\n<li class=\"wp-block-kadence-listitem kt-svg-icon-list-item-wrap kt-svg-icon-list-item-_2add67-08 kt-svg-icon-list-style-default\"><span class=\"kb-svg-icon-wrap kb-svg-icon-fas_circle kt-svg-icon-list-single\"><svg viewBox=\"0 0 512 512\"  fill=\"currentColor\" xmlns=\"http:\/\/www.w3.org\/2000\/svg\" ><path d=\"M256 8C119 8 8 119 8 256s111 248 248 248 248-111 248-248S393 8 256 8z\"\/><\/svg><\/span><span class=\"kt-svg-icon-list-text\">Bi\u00e8re locale<\/span><\/li>\n\n\n<style>.kt-svg-icon-list-item-_62dee7-a3 .kt-svg-icon-list-single{font-size:8px !important;color:var(--global-palette1, #3182CE) !important;}<\/style>\n<li class=\"wp-block-kadence-listitem kt-svg-icon-list-item-wrap kt-svg-icon-list-item-_62dee7-a3 kt-svg-icon-list-style-default\"><span class=\"kb-svg-icon-wrap kb-svg-icon-fas_circle kt-svg-icon-list-single\"><svg viewBox=\"0 0 512 512\"  fill=\"currentColor\" xmlns=\"http:\/\/www.w3.org\/2000\/svg\" ><path d=\"M256 8C119 8 8 119 8 256s111 248 248 248 248-111 248-248S393 8 256 8z\"\/><\/svg><\/span><span class=\"kt-svg-icon-list-text\">Cidre local<\/span><\/li>\n<\/ul><\/div>\n<\/div><\/div>\n\n\n<style>.kadence-column_0affae-51, .kt-inside-inner-col > .kadence-column_0affae-51:not(.specificity){margin-top:0px;margin-right:0px;margin-bottom:0px;margin-left:10px;}.kadence-column_0affae-51 > .kt-inside-inner-col,.kadence-column_0affae-51 > .kt-inside-inner-col:before{border-top-left-radius:0px;border-top-right-radius:0px;border-bottom-right-radius:0px;border-bottom-left-radius:0px;}.kadence-column_0affae-51 > .kt-inside-inner-col:before{opacity:0.3;}.kadence-column_0affae-51{position:relative;}@media all and (max-width: 1024px){.kadence-column_0affae-51, .kt-inside-inner-col > .kadence-column_0affae-51:not(.specificity){margin-top:0px;margin-right:0px;margin-bottom:0px;margin-left:0px;}}<\/style>\n<div class=\"wp-block-kadence-column kadence-column_0affae-51 inner-column-2\"><div class=\"kt-inside-inner-col\"><style>.wp-block-kadence-iconlist.kt-svg-icon-list-items_6684c9-38 ul.kt-svg-icon-list:not(.this-prevents-issues):not(.this-stops-third-party-issues):not(.tijsloc){margin-top:10px;margin-right:0px;margin-bottom:20px;margin-left:0px;}.wp-block-kadence-iconlist.kt-svg-icon-list-items_6684c9-38 ul.kt-svg-icon-list{grid-row-gap:5px;}.wp-block-kadence-iconlist.kt-svg-icon-list-items_6684c9-38 ul.kt-svg-icon-list .kt-svg-icon-list-item-wrap .kt-svg-icon-list-single{margin-right:15px;}@media all and (max-width: 1024px){.wp-block-kadence-iconlist.kt-svg-icon-list-items_6684c9-38 ul.kt-svg-icon-list{grid-row-gap:5px;}}@media all and (max-width: 767px){.wp-block-kadence-iconlist.kt-svg-icon-list-items_6684c9-38 ul.kt-svg-icon-list{grid-row-gap:5px;}}<\/style>\n<div class=\"wp-block-kadence-iconlist kt-svg-icon-list-items kt-svg-icon-list-items_6684c9-38 kt-svg-icon-list-columns-1 aligncenter\"><ul class=\"kt-svg-icon-list\"><style>.kt-svg-icon-list-item-_cd2057-ad .kt-svg-icon-list-single{font-size:8px !important;color:var(--global-palette1, #3182CE) !important;}<\/style>\n<li class=\"wp-block-kadence-listitem kt-svg-icon-list-item-wrap kt-svg-icon-list-item-_cd2057-ad kt-svg-icon-list-style-default\"><span class=\"kb-svg-icon-wrap kb-svg-icon-fas_circle kt-svg-icon-list-single\"><svg viewBox=\"0 0 512 512\"  fill=\"currentColor\" xmlns=\"http:\/\/www.w3.org\/2000\/svg\" ><path d=\"M256 8C119 8 8 119 8 256s111 248 248 248 248-111 248-248S393 8 256 8z\"\/><\/svg><\/span><span class=\"kt-svg-icon-list-text\">Salon r\u00e9tro<\/span><\/li>\n\n\n<style>.kt-svg-icon-list-item-_bc37bd-62 .kt-svg-icon-list-single{font-size:8px !important;color:var(--global-palette1, #3182CE) !important;}<\/style>\n<li class=\"wp-block-kadence-listitem kt-svg-icon-list-item-wrap kt-svg-icon-list-item-_bc37bd-62 kt-svg-icon-list-style-default\"><span class=\"kb-svg-icon-wrap kb-svg-icon-fas_circle kt-svg-icon-list-single\"><svg viewBox=\"0 0 512 512\"  fill=\"currentColor\" xmlns=\"http:\/\/www.w3.org\/2000\/svg\" ><path d=\"M256 8C119 8 8 119 8 256s111 248 248 248 248-111 248-248S393 8 256 8z\"\/><\/svg><\/span><span class=\"kt-svg-icon-list-text\">Terrasse ext\u00e9rieure<\/span><\/li>\n\n\n<style>.kt-svg-icon-list-item-_4cee07-c1 .kt-svg-icon-list-single{font-size:8px !important;color:var(--global-palette1, #3182CE) !important;}<\/style>\n<li class=\"wp-block-kadence-listitem kt-svg-icon-list-item-wrap kt-svg-icon-list-item-_4cee07-c1 kt-svg-icon-list-style-default\"><span class=\"kb-svg-icon-wrap kb-svg-icon-fas_circle kt-svg-icon-list-single\"><svg viewBox=\"0 0 512 512\"  fill=\"currentColor\" xmlns=\"http:\/\/www.w3.org\/2000\/svg\" ><path d=\"M256 8C119 8 8 119 8 256s111 248 248 248 248-111 248-248S393 8 256 8z\"\/><\/svg><\/span><span class=\"kt-svg-icon-list-text\">Parking gratuit<\/span><\/li>\n<\/ul><\/div>\n<\/div><\/div>\n\n<\/div><\/div><\/div><\/div>\n\n<\/div><\/div>","protected":false},"excerpt":{"rendered":"<p>qui sommes-nous ? Sous la direction du Chef de Cuisine CHRISTOPHE POIRIER et du Ma\u00eetre d&rsquo;h\u00f4tel JOSEPH manon &amp; yohann Vous accueillons dans une ambiance cosy &amp; r\u00e9tro avec une cuisine Street Food comme \u00e0 la maison.<\/p>\n","protected":false},"author":1,"featured_media":1210,"parent":0,"menu_order":0,"comment_status":"closed","ping_status":"closed","template":"","meta":{"_kad_post_transparent":"","_kad_post_title":"","_kad_post_layout":"","_kad_post_sidebar_id":"","_kad_post_content_style":"unboxed","_kad_post_vertical_padding":"hide","_kad_post_feature":"hide","_kad_post_feature_position":"","_kad_post_header":false,"_kad_post_footer":false},"_links":{"self":[{"href":"https:\/\/www.loungedugrandcerf.fr\/fr\/wp-json\/wp\/v2\/pages\/1078"}],"collection":[{"href":"https:\/\/www.loungedugrandcerf.fr\/fr\/wp-json\/wp\/v2\/pages"}],"about":[{"href":"https:\/\/www.loungedugrandcerf.fr\/fr\/wp-json\/wp\/v2\/types\/page"}],"author":[{"embeddable":true,"href":"https:\/\/www.loungedugrandcerf.fr\/fr\/wp-json\/wp\/v2\/users\/1"}],"replies":[{"embeddable":true,"href":"https:\/\/www.loungedugrandcerf.fr\/fr\/wp-json\/wp\/v2\/comments?post=1078"}],"version-history":[{"count":7,"href":"https:\/\/www.loungedugrandcerf.fr\/fr\/wp-json\/wp\/v2\/pages\/1078\/revisions"}],"predecessor-version":[{"id":1402,"href":"https:\/\/www.loungedugrandcerf.fr\/fr\/wp-json\/wp\/v2\/pages\/1078\/revisions\/1402"}],"wp:featuredmedia":[{"embeddable":true,"href":"https:\/\/www.loungedugrandcerf.fr\/fr\/wp-json\/wp\/v2\/media\/1210"}],"wp:attachment":[{"href":"https:\/\/www.loungedugrandcerf.fr\/fr\/wp-json\/wp\/v2\/media?parent=1078"}],"curies":[{"name":"wp","href":"https:\/\/api.w.org\/{rel}","templated":true}]}}